{"id":4577,"date":"2015-12-06T14:17:06","date_gmt":"2015-12-06T13:17:06","guid":{"rendered":"http:\/\/hstrelnice.berdeus.cz\/en\/lokalita\/"},"modified":"2017-08-23T21:17:07","modified_gmt":"2017-08-23T20:17:07","slug":"lokalita","status":"publish","type":"page","link":"https:\/\/hotelstrelnice.cz\/en\/lokalita\/","title":{"rendered":"Lokalita"},"content":{"rendered":"<p>Hotel St\u0159elnice se nach\u00e1z\u00ed v atraktivn\u00edm regionu chr\u00e1n\u011bn\u00e9 krajinn\u00e9 oblasti Broumovsko v bl\u00edzkosti skaln\u00edho m\u011bste\u010dka Teplicko-adr\u0161pa\u0161sk\u00e9 skaly, v centru m\u011bsta Teplice nad Metuj\u00ed. Je lemov\u00e1n \u0159ekou Metuje. Tato lokalita je proslul\u00e1 sv\u00fdmi p\u0159\u00edrodn\u00edmi kr\u00e1sami po cel\u00e9 Evrop\u011b.<\/p>\n<p>Hotel St\u0159elnice nab\u00edz\u00ed, mimo ubytov\u00e1n\u00ed a stravov\u00e1n\u00ed, celou \u0159adu spole\u010densk\u00fdch, turistick\u00fdch a relaxa\u010dn\u00edch aktivit. M\u016f\u017eete zde skv\u011ble str\u00e1vit sv\u016fj voln\u00fd \u010das, dovolenou \u010di v\u00edkend v n\u00e1dhern\u00e9m koutu na\u0161\u00ed republiky. Objevte neoby\u010dejn\u00e9 kouzlo Teplicko-Adr\u0161pa\u0161sk\u00fdch skal a cel\u00e9ho broumovsk\u00e9ho v\u00fdb\u011b\u017eku s Dientzenhoferov\u00fdmi kostely, broumovsk\u00fdm kl\u00e1\u0161terem a p\u0159ekr\u00e1snou p\u0159\u00edrodn\u00ed scen\u00e9ri\u00ed. P\u0159ije\u010fte se p\u0159esv\u011bd\u010dit na vlastn\u00ed o\u010di a pob\u00fdt u n\u00e1s na St\u0159elnici.<\/p>\n","protected":false},"excerpt":{"rendered":"<p>Hotel St\u0159elnice se nach\u00e1z\u00ed v atraktivn\u00edm regionu chr\u00e1n\u011bn\u00e9 krajinn\u00e9 oblasti Broumovsko v bl\u00edzkosti skaln\u00edho m\u011bste\u010dka Teplicko-adr\u0161pa\u0161sk\u00e9 skaly, v centru m\u011bsta Teplice nad Metuj\u00ed. Je lemov\u00e1n \u0159ekou Metuje. Tato lokalita je proslul\u00e1 sv\u00fdmi p\u0159\u00edrodn\u00edmi kr\u00e1sami po cel\u00e9 Evrop\u011b. Hotel St\u0159elnice nab\u00edz\u00ed, mimo ubytov\u00e1n\u00ed a stravov\u00e1n\u00ed, celou \u0159adu spole\u010densk\u00fdch, turistick\u00fdch a relaxa\u010dn\u00edch aktivit. M\u016f\u017eete zde skv\u011ble str\u00e1vit&#8230; <\/p>\n<div class=\"clear\"><\/div>\n<p><a href=\"https:\/\/hotelstrelnice.cz\/en\/lokalita\/\" class=\"excerpt-read-more\">Continue Reading<i class=\"fa fa-long-arrow-right icon-long-arrow-right\"><\/i><\/a><\/p>\n","protected":false},"author":1,"featured_media":0,"parent":0,"menu_order":0,"comment_status":"closed","ping_status":"closed","template":"","meta":{"footnotes":""},"class_list":["post-4577","page","type-page","status-publish","hentry"],"_links":{"self":[{"href":"https:\/\/hotelstrelnice.cz\/en\/wp-json\/wp\/v2\/pages\/4577","targetHints":{"allow":["GET"]}}],"collection":[{"href":"https:\/\/hotelstrelnice.cz\/en\/wp-json\/wp\/v2\/pages"}],"about":[{"href":"https:\/\/hotelstrelnice.cz\/en\/wp-json\/wp\/v2\/types\/page"}],"author":[{"embeddable":true,"href":"https:\/\/hotelstrelnice.cz\/en\/wp-json\/wp\/v2\/users\/1"}],"replies":[{"embeddable":true,"href":"https:\/\/hotelstrelnice.cz\/en\/wp-json\/wp\/v2\/comments?post=4577"}],"version-history":[{"count":6,"href":"https:\/\/hotelstrelnice.cz\/en\/wp-json\/wp\/v2\/pages\/4577\/revisions"}],"predecessor-version":[{"id":5161,"href":"https:\/\/hotelstrelnice.cz\/en\/wp-json\/wp\/v2\/pages\/4577\/revisions\/5161"}],"wp:attachment":[{"href":"https:\/\/hotelstrelnice.cz\/en\/wp-json\/wp\/v2\/media?parent=4577"}],"curies":[{"name":"wp","href":"https:\/\/api.w.org\/{rel}","templated":true}]}}