{"id":4606,"date":"2016-02-21T11:34:44","date_gmt":"2016-02-21T10:34:44","guid":{"rendered":"http:\/\/hstrelnice.berdeus.cz\/en\/kalendar-akci\/"},"modified":"2016-03-22T17:22:21","modified_gmt":"2016-03-22T16:22:21","slug":"event-calendar","status":"publish","type":"page","link":"https:\/\/hotelstrelnice.cz\/en\/event-calendar\/","title":{"rendered":"Event calendar"},"content":{"rendered":"<h3>Po cel\u00fd rok pro v\u00e1s p\u0159ipravujeme<b> <\/b>akce pro va\u0161i z\u00e1bavu nebo p\u0159\u00edjemn\u00e9 str\u00e1ven\u00ed voln\u00e9ho \u010dasu.<\/h3>\n","protected":false},"excerpt":{"rendered":"<p>Po cel\u00fd rok pro v\u00e1s p\u0159ipravujeme akce pro va\u0161i z\u00e1bavu nebo p\u0159\u00edjemn\u00e9 str\u00e1ven\u00ed voln\u00e9ho \u010dasu.<\/p>\n","protected":false},"author":1,"featured_media":0,"parent":0,"menu_order":0,"comment_status":"closed","ping_status":"closed","template":"","meta":{"footnotes":""},"class_list":["post-4606","page","type-page","status-publish","hentry"],"_links":{"self":[{"href":"https:\/\/hotelstrelnice.cz\/en\/wp-json\/wp\/v2\/pages\/4606","targetHints":{"allow":["GET"]}}],"collection":[{"href":"https:\/\/hotelstrelnice.cz\/en\/wp-json\/wp\/v2\/pages"}],"about":[{"href":"https:\/\/hotelstrelnice.cz\/en\/wp-json\/wp\/v2\/types\/page"}],"author":[{"embeddable":true,"href":"https:\/\/hotelstrelnice.cz\/en\/wp-json\/wp\/v2\/users\/1"}],"replies":[{"embeddable":true,"href":"https:\/\/hotelstrelnice.cz\/en\/wp-json\/wp\/v2\/comments?post=4606"}],"version-history":[{"count":2,"href":"https:\/\/hotelstrelnice.cz\/en\/wp-json\/wp\/v2\/pages\/4606\/revisions"}],"predecessor-version":[{"id":4610,"href":"https:\/\/hotelstrelnice.cz\/en\/wp-json\/wp\/v2\/pages\/4606\/revisions\/4610"}],"wp:attachment":[{"href":"https:\/\/hotelstrelnice.cz\/en\/wp-json\/wp\/v2\/media?parent=4606"}],"curies":[{"name":"wp","href":"https:\/\/api.w.org\/{rel}","templated":true}]}}