{"id":4631,"date":"2016-02-21T11:34:32","date_gmt":"2016-02-21T10:34:32","guid":{"rendered":"http:\/\/hstrelnice.berdeus.cz\/en\/moznosti-akci\/"},"modified":"2016-03-22T17:27:52","modified_gmt":"2016-03-22T16:27:52","slug":"action-options","status":"publish","type":"page","link":"https:\/\/hotelstrelnice.cz\/en\/action-options\/","title":{"rendered":"Action options"},"content":{"rendered":"<p>V prostor\u00e1ch hotelu je mo\u017en\u00e9 zorganizovat tane\u010dn\u00ed akce, plesy, diskot\u00e9ky, tematick\u00e9 ve\u010dery, tane\u010dn\u00ed soust\u0159ed\u011bn\u00ed pro tane\u010dn\u00ed \u0161koly, firemn\u00ed akce, \u0161kolen\u00ed, firemn\u00ed pobyty, rodinn\u00e9 oslavy, svatby, ve\u010d\u00edrky, \u0161koly v\u00a0p\u0159\u00edrod\u011b, sportovn\u00ed pobyty.\u00a0K t\u011bmto \u00fa\u010del\u016fm je mo\u017en\u00e9 pronajmout restauraci nebo jej\u00ed \u010d\u00e1st, salonky v\u00a0p\u0159\u00edzem\u00ed \u010di v\u00edce\u00fa\u010delov\u00fd s\u00e1l\u00a0v prvn\u00edm pat\u0159e, kam se pohodln\u011b vejde 95 lid\u00ed p\u0159i stolov\u00e9m uspo\u0159\u00e1d\u00e1n\u00ed jako restaurace a a\u017e 200 p\u0159i uspo\u0159\u00e1d\u00e1n\u00ed \u017eidl\u00ed do \u0159ad pro p\u0159\u00edpadn\u00e9 produkce, \u0161kolen\u00ed, p\u0159edn\u00e1\u0161ky \u010di konference. Salonky v p\u0159\u00edzem\u00ed pojmou pohodln\u011b spole\u010dnost o 20-25 lidech.\u00a0V l\u00e9t\u011b bude v provozu zahradn\u00ed restaurace nad vodou pro 60 lid\u00ed a mal\u00e9 venkovn\u00ed podium.<\/p>\n","protected":false},"excerpt":{"rendered":"<p>V prostor\u00e1ch hotelu je mo\u017en\u00e9 zorganizovat tane\u010dn\u00ed akce, plesy, diskot\u00e9ky, tematick\u00e9 ve\u010dery, tane\u010dn\u00ed soust\u0159ed\u011bn\u00ed pro tane\u010dn\u00ed \u0161koly, firemn\u00ed akce, \u0161kolen\u00ed, firemn\u00ed pobyty, rodinn\u00e9 oslavy, svatby, ve\u010d\u00edrky, \u0161koly v\u00a0p\u0159\u00edrod\u011b, sportovn\u00ed pobyty.\u00a0K t\u011bmto \u00fa\u010del\u016fm je mo\u017en\u00e9 pronajmout restauraci nebo jej\u00ed \u010d\u00e1st, salonky v\u00a0p\u0159\u00edzem\u00ed \u010di v\u00edce\u00fa\u010delov\u00fd s\u00e1l\u00a0v prvn\u00edm pat\u0159e, kam se pohodln\u011b vejde 95 lid\u00ed p\u0159i stolov\u00e9m uspo\u0159\u00e1d\u00e1n\u00ed&#8230; <\/p>\n<div class=\"clear\"><\/div>\n<p><a href=\"https:\/\/hotelstrelnice.cz\/en\/action-options\/\" class=\"excerpt-read-more\">Continue Reading<i class=\"fa fa-long-arrow-right icon-long-arrow-right\"><\/i><\/a><\/p>\n","protected":false},"author":1,"featured_media":0,"parent":0,"menu_order":0,"comment_status":"closed","ping_status":"closed","template":"","meta":{"footnotes":""},"class_list":["post-4631","page","type-page","status-publish","hentry"],"_links":{"self":[{"href":"https:\/\/hotelstrelnice.cz\/en\/wp-json\/wp\/v2\/pages\/4631","targetHints":{"allow":["GET"]}}],"collection":[{"href":"https:\/\/hotelstrelnice.cz\/en\/wp-json\/wp\/v2\/pages"}],"about":[{"href":"https:\/\/hotelstrelnice.cz\/en\/wp-json\/wp\/v2\/types\/page"}],"author":[{"embeddable":true,"href":"https:\/\/hotelstrelnice.cz\/en\/wp-json\/wp\/v2\/users\/1"}],"replies":[{"embeddable":true,"href":"https:\/\/hotelstrelnice.cz\/en\/wp-json\/wp\/v2\/comments?post=4631"}],"version-history":[{"count":2,"href":"https:\/\/hotelstrelnice.cz\/en\/wp-json\/wp\/v2\/pages\/4631\/revisions"}],"predecessor-version":[{"id":4636,"href":"https:\/\/hotelstrelnice.cz\/en\/wp-json\/wp\/v2\/pages\/4631\/revisions\/4636"}],"wp:attachment":[{"href":"https:\/\/hotelstrelnice.cz\/en\/wp-json\/wp\/v2\/media?parent=4631"}],"curies":[{"name":"wp","href":"https:\/\/api.w.org\/{rel}","templated":true}]}}