{"id":4640,"date":"2016-02-21T11:32:50","date_gmt":"2016-02-21T10:32:50","guid":{"rendered":"http:\/\/hstrelnice.berdeus.cz\/en\/o-nas\/"},"modified":"2016-03-22T17:30:07","modified_gmt":"2016-03-22T16:30:07","slug":"about-us","status":"publish","type":"page","link":"https:\/\/hotelstrelnice.cz\/en\/about-us\/","title":{"rendered":"About us"},"content":{"rendered":"<p>Hotel St\u0159elnice je nov\u011b zrekonstruovan\u00fd historick\u00fd d\u016fm, k\u00a0n\u011bmu\u017e byla p\u0159istavena nov\u00e1 dostavba (Budova B).\u00a0Komplex tedy tvo\u0159\u00ed dv\u011b budovy, propojen\u00e9 uzav\u0159en\u00fdm dvorem s v\u00fdhledem na \u0159eku. \u0158eka tvo\u0159\u00ed p\u0159\u00edrozenou hranici stavby a vytv\u00e1\u0159\u00ed p\u0159\u00edjemnou a klidnou atmosf\u00e9ru.\u00a0V hlavn\u00ed budov\u011b je um\u00edst\u011bna restaurace, salonky, v\u00edce\u00fa\u010delov\u00fd s\u00e1l, kuchyn\u011b, v\u00ed\u0159ivka, sauna a ubytov\u00e1n\u00ed ve 4 apartm\u00e1nech a 2 pojkoj\u00edch. Ve druh\u00e9 budov\u011b je 10 pokoj\u016f a apartm\u00e1n\u016f. Oba objekty jsou t\u0159\u00edpodla\u017en\u00ed.\u00a0V\u0161ech 16 pokoj\u016f a apartm\u00e1n\u016f m\u00e1 vlastn\u00ed soci\u00e1ln\u00ed za\u0159\u00edzen\u00ed.<\/p>\n<p>Hotel St\u0159elnice nab\u00edz\u00ed, mimo ubytov\u00e1n\u00ed a stravov\u00e1n\u00ed, celou \u0159adu spole\u010densk\u00fdch, turistick\u00fdch a relaxa\u010dn\u00edch aktivit. M\u016f\u017eete zde skv\u011ble str\u00e1vit sv\u016fj voln\u00fd \u010das, dovolenou \u010di v\u00edkend v n\u00e1dhern\u00e9m koutu na\u0161\u00ed republiky. M\u016f\u017eete objevit neoby\u010dejn\u00e9 kouzlo Teplicko-Adr\u0161pa\u0161sk\u00fdch skal a v\u016fbec cel\u00e9ho broumovsk\u00e9ho v\u00fdb\u011b\u017eku s Dientzenhoferov\u00fdmi kostely, broumovsk\u00fdm kl\u00e1\u0161terem a p\u0159ekr\u00e1snou p\u0159\u00edrodn\u00ed scen\u00e9ri\u00ed. P\u0159ije\u010fte se pod\u00edvat a pobejt u n\u00e1s na St\u0159elnici.<\/p>\n","protected":false},"excerpt":{"rendered":"<p>Hotel St\u0159elnice je nov\u011b zrekonstruovan\u00fd historick\u00fd d\u016fm, k\u00a0n\u011bmu\u017e byla p\u0159istavena nov\u00e1 dostavba (Budova B).\u00a0Komplex tedy tvo\u0159\u00ed dv\u011b budovy, propojen\u00e9 uzav\u0159en\u00fdm dvorem s v\u00fdhledem na \u0159eku. \u0158eka tvo\u0159\u00ed p\u0159\u00edrozenou hranici stavby a vytv\u00e1\u0159\u00ed p\u0159\u00edjemnou a klidnou atmosf\u00e9ru.\u00a0V hlavn\u00ed budov\u011b je um\u00edst\u011bna restaurace, salonky, v\u00edce\u00fa\u010delov\u00fd s\u00e1l, kuchyn\u011b, v\u00ed\u0159ivka, sauna a ubytov\u00e1n\u00ed ve 4 apartm\u00e1nech a 2 pojkoj\u00edch&#8230;. <\/p>\n<div class=\"clear\"><\/div>\n<p><a href=\"https:\/\/hotelstrelnice.cz\/en\/about-us\/\" class=\"excerpt-read-more\">Continue Reading<i class=\"fa fa-long-arrow-right icon-long-arrow-right\"><\/i><\/a><\/p>\n","protected":false},"author":1,"featured_media":0,"parent":0,"menu_order":0,"comment_status":"closed","ping_status":"closed","template":"","meta":{"footnotes":""},"class_list":["post-4640","page","type-page","status-publish","hentry"],"_links":{"self":[{"href":"https:\/\/hotelstrelnice.cz\/en\/wp-json\/wp\/v2\/pages\/4640","targetHints":{"allow":["GET"]}}],"collection":[{"href":"https:\/\/hotelstrelnice.cz\/en\/wp-json\/wp\/v2\/pages"}],"about":[{"href":"https:\/\/hotelstrelnice.cz\/en\/wp-json\/wp\/v2\/types\/page"}],"author":[{"embeddable":true,"href":"https:\/\/hotelstrelnice.cz\/en\/wp-json\/wp\/v2\/users\/1"}],"replies":[{"embeddable":true,"href":"https:\/\/hotelstrelnice.cz\/en\/wp-json\/wp\/v2\/comments?post=4640"}],"version-history":[{"count":2,"href":"https:\/\/hotelstrelnice.cz\/en\/wp-json\/wp\/v2\/pages\/4640\/revisions"}],"predecessor-version":[{"id":4646,"href":"https:\/\/hotelstrelnice.cz\/en\/wp-json\/wp\/v2\/pages\/4640\/revisions\/4646"}],"wp:attachment":[{"href":"https:\/\/hotelstrelnice.cz\/en\/wp-json\/wp\/v2\/media?parent=4640"}],"curies":[{"name":"wp","href":"https:\/\/api.w.org\/{rel}","templated":true}]}}