{"id":4645,"date":"2016-01-09T23:17:46","date_gmt":"2016-01-09T22:17:46","guid":{"rendered":"http:\/\/hstrelnice.berdeus.cz\/en\/relaxace\/"},"modified":"2016-03-22T17:31:23","modified_gmt":"2016-03-22T16:31:23","slug":"relaxation","status":"publish","type":"page","link":"https:\/\/hotelstrelnice.cz\/en\/relaxation\/","title":{"rendered":"Relaxation"},"content":{"rendered":"<h3>Ve druh\u00e9m podla\u017e\u00ed budovy A je um\u00edst\u011bna relaxa\u010dn\u00ed z\u00f3na, ve kter\u00e9 je mo\u017en\u00e9 vyu\u017e\u00edt v\u00fd\u0159ivku nebo saunu.\u00a0 Oboj\u00ed je nutn\u00e9 objednat nejm\u00e9n\u011b 4 hodiny p\u0159edem.<\/h3>\n","protected":false},"excerpt":{"rendered":"<p>Ve druh\u00e9m podla\u017e\u00ed budovy A je um\u00edst\u011bna relaxa\u010dn\u00ed z\u00f3na, ve kter\u00e9 je mo\u017en\u00e9 vyu\u017e\u00edt v\u00fd\u0159ivku nebo saunu.\u00a0 Oboj\u00ed je nutn\u00e9 objednat nejm\u00e9n\u011b 4 hodiny p\u0159edem.<\/p>\n","protected":false},"author":1,"featured_media":0,"parent":0,"menu_order":0,"comment_status":"closed","ping_status":"closed","template":"","meta":{"footnotes":""},"class_list":["post-4645","page","type-page","status-publish","hentry"],"_links":{"self":[{"href":"https:\/\/hotelstrelnice.cz\/en\/wp-json\/wp\/v2\/pages\/4645","targetHints":{"allow":["GET"]}}],"collection":[{"href":"https:\/\/hotelstrelnice.cz\/en\/wp-json\/wp\/v2\/pages"}],"about":[{"href":"https:\/\/hotelstrelnice.cz\/en\/wp-json\/wp\/v2\/types\/page"}],"author":[{"embeddable":true,"href":"https:\/\/hotelstrelnice.cz\/en\/wp-json\/wp\/v2\/users\/1"}],"replies":[{"embeddable":true,"href":"https:\/\/hotelstrelnice.cz\/en\/wp-json\/wp\/v2\/comments?post=4645"}],"version-history":[{"count":3,"href":"https:\/\/hotelstrelnice.cz\/en\/wp-json\/wp\/v2\/pages\/4645\/revisions"}],"predecessor-version":[{"id":4653,"href":"https:\/\/hotelstrelnice.cz\/en\/wp-json\/wp\/v2\/pages\/4645\/revisions\/4653"}],"wp:attachment":[{"href":"https:\/\/hotelstrelnice.cz\/en\/wp-json\/wp\/v2\/media?parent=4645"}],"curies":[{"name":"wp","href":"https:\/\/api.w.org\/{rel}","templated":true}]}}