{"id":4647,"date":"2015-12-06T14:16:21","date_gmt":"2015-12-06T13:16:21","guid":{"rendered":"http:\/\/hstrelnice.berdeus.cz\/en\/restaurace\/"},"modified":"2016-03-22T17:31:27","modified_gmt":"2016-03-22T16:31:27","slug":"restaurant","status":"publish","type":"page","link":"https:\/\/hotelstrelnice.cz\/en\/restaurant\/","title":{"rendered":"Restaurant"},"content":{"rendered":"<p>Na\u0161e stylov\u00e1 restaurace, kde se va\u0159\u00ed srdcem, je zalo\u017eena na region\u00e1ln\u00ed kuchyni a region\u00e1ln\u00edch dodavatel\u00edch \u010derstv\u00fdch a vysoce kvalitn\u00edch surovin.<br \/>\nJ\u00eddeln\u00ed l\u00edstek je slo\u017een z\u00a0osv\u011bd\u010den\u00fdch a obl\u00edben\u00fdch region\u00e1ln\u00edch a n\u00e1rodn\u00edch \u010desk\u00fdch j\u00eddel, kter\u00e1 jsou \u010derstv\u011b p\u0159ipravovan\u00e1. Pro na\u0161e klienty p\u0159ipravujeme tak\u00e9 dom\u00e1c\u00ed chl\u00e9b, housti\u010dky, buchty, \u0161tr\u00fadl,\u00a0 knedl\u00edky a celou \u0159adu dal\u0161\u00edch dobrot.<br \/>\nP\u0159ipravujeme pro v\u00e1s tak\u00e9 tematick\u00e1 v\u00edkendov\u00e1 menu gurm\u00e1nsk\u00e9 v\u00edkendov\u00e9 akce. Sledujte\u00a0 Novinky\u00a0 a Kalend\u00e1\u0159 akc\u00ed.<br \/>\nP\u0159ij\u010fte nebo p\u0159ije\u010fte se p\u0159esv\u011bd\u010dit sami. Budete srde\u010dn\u011b v\u00edt\u00e1ni.<\/p>\n","protected":false},"excerpt":{"rendered":"<p>Na\u0161e stylov\u00e1 restaurace, kde se va\u0159\u00ed srdcem, je zalo\u017eena na region\u00e1ln\u00ed kuchyni a region\u00e1ln\u00edch dodavatel\u00edch \u010derstv\u00fdch a vysoce kvalitn\u00edch surovin. J\u00eddeln\u00ed l\u00edstek je slo\u017een z\u00a0osv\u011bd\u010den\u00fdch a obl\u00edben\u00fdch region\u00e1ln\u00edch a n\u00e1rodn\u00edch \u010desk\u00fdch j\u00eddel, kter\u00e1 jsou \u010derstv\u011b p\u0159ipravovan\u00e1. Pro na\u0161e klienty p\u0159ipravujeme tak\u00e9 dom\u00e1c\u00ed chl\u00e9b, housti\u010dky, buchty, \u0161tr\u00fadl,\u00a0 knedl\u00edky a celou \u0159adu dal\u0161\u00edch dobrot. P\u0159ipravujeme pro v\u00e1s&#8230; <\/p>\n<div class=\"clear\"><\/div>\n<p><a href=\"https:\/\/hotelstrelnice.cz\/en\/restaurant\/\" class=\"excerpt-read-more\">Continue Reading<i class=\"fa fa-long-arrow-right icon-long-arrow-right\"><\/i><\/a><\/p>\n","protected":false},"author":1,"featured_media":0,"parent":0,"menu_order":0,"comment_status":"closed","ping_status":"closed","template":"","meta":{"footnotes":""},"class_list":["post-4647","page","type-page","status-publish","hentry"],"_links":{"self":[{"href":"https:\/\/hotelstrelnice.cz\/en\/wp-json\/wp\/v2\/pages\/4647","targetHints":{"allow":["GET"]}}],"collection":[{"href":"https:\/\/hotelstrelnice.cz\/en\/wp-json\/wp\/v2\/pages"}],"about":[{"href":"https:\/\/hotelstrelnice.cz\/en\/wp-json\/wp\/v2\/types\/page"}],"author":[{"embeddable":true,"href":"https:\/\/hotelstrelnice.cz\/en\/wp-json\/wp\/v2\/users\/1"}],"replies":[{"embeddable":true,"href":"https:\/\/hotelstrelnice.cz\/en\/wp-json\/wp\/v2\/comments?post=4647"}],"version-history":[{"count":2,"href":"https:\/\/hotelstrelnice.cz\/en\/wp-json\/wp\/v2\/pages\/4647\/revisions"}],"predecessor-version":[{"id":4654,"href":"https:\/\/hotelstrelnice.cz\/en\/wp-json\/wp\/v2\/pages\/4647\/revisions\/4654"}],"wp:attachment":[{"href":"https:\/\/hotelstrelnice.cz\/en\/wp-json\/wp\/v2\/media?parent=4647"}],"curies":[{"name":"wp","href":"https:\/\/api.w.org\/{rel}","templated":true}]}}