{"id":4652,"date":"2015-12-06T13:21:55","date_gmt":"2015-12-06T12:21:55","guid":{"rendered":"http:\/\/hstrelnice.berdeus.cz\/en\/ubytovani\/"},"modified":"2016-03-22T17:34:11","modified_gmt":"2016-03-22T16:34:11","slug":"accommodations","status":"publish","type":"page","link":"https:\/\/hotelstrelnice.cz\/en\/accommodations\/","title":{"rendered":"Accommodations"},"content":{"rendered":"<h3>Ubytov\u00e1n\u00ed je rozd\u011bleno do dvou \u00farovn\u00ed ve dvou na sob\u011b nez\u00e1visl\u00fdch budov\u00e1ch spojen\u00fdch pochoz\u00ed l\u00e1vkou.<\/h3>\n<h2>Budova A<\/h2>\n<p>Je koncipov\u00e1na v\u00a0modern\u00edm stylu a za\u0159\u00edzena modern\u00edm n\u00e1bytkem. Pokoje se nach\u00e1z\u00ed v\u00a0budov\u011b restaurace a spole\u010densk\u00e9ho s\u00e1lu v\u00a0druh\u00e9m podla\u017e\u00ed. Ubytov\u00e1n\u00ed se skl\u00e1d\u00e1 ze t\u0159\u00ed dvoupokojov\u00fdch apartm\u00e1n\u016f s\u00a0p\u0159ist\u00fdlkou a jednoho dvoul\u016f\u017ekov\u00e9ho pokoje s\u00a0p\u0159ist\u00fdlkou.<\/p>\n<p>V ka\u017ed\u00e9m apartm\u00e1nu najdete \u201eob\u00fdv\u00e1\u010dek\u201c, kde je um\u00edst\u011bna rozkl\u00e1dac\u00ed pohovka \u2013 p\u0159ist\u00fdlka pro dv\u011b osoby, psac\u00ed st\u016fl a \u00falo\u017en\u00e9 prostory. Ve druh\u00e9 \u010d\u00e1sti \u201elo\u017enici\u201c je um\u00edst\u011bna komfortn\u00ed dvoul\u016f\u017ekov\u00e1 postel, \u00falo\u017en\u00fd prostor a televize. Sou\u010d\u00e1st\u00ed ka\u017ed\u00e9ho apartm\u00e1nu je koupelna, kde nejdete sprchov\u00fd kout a toaletu.<br \/>\nApartm\u00e1ny jsou ur\u010deny p\u0159edev\u0161\u00edm k\u00a0dlouhodob\u011bj\u0161\u00edm pobyt\u016fm nebo k\u00a0pobyt\u016fm v\u00edce\u010dlenn\u00fdch rodin.<\/p>\n<p>Celkov\u00e1 kapacita hotelu je 16 osob.<\/p>\n<p>&nbsp;<\/p>\n<h2>Budova B<\/h2>\n<p>Budova B je um\u00edst\u011bna ve\u00a0dvoupodla\u017en\u00ed budov\u011b a je za\u0159\u00edzen ve stylu antik a je dostupn\u00e1 samostatn\u00fdm schodi\u0161t\u011bm ze zahrady hotelu.V budov\u011b B je 9 pokoj\u016f a jeden apartm\u00e1n. Cel\u00e9 druh\u00e9 patro, kter\u00e9 je slo\u017eeno ze t\u0159\u00ed pokoj\u016f, se d\u00e1 pronajmout jako celek s\u00a0venkovn\u00ed terasou a s v\u00fdhledem na okol\u00ed.\u00a0 Jednotliv\u00e9 pokoje obsahuj\u00ed mimo dvoul\u016f\u017ekov\u00e9 postele tak\u00e9 jednol\u016f\u017ekovou nebo dvoul\u016f\u017ekovou rozkl\u00e1dac\u00ed p\u0159ist\u00fdlku a v\u00a0apartm\u00e1nu je mo\u017en\u00e9 ubytovat celkem 4 osoby.<\/p>\n<p>V\u00a0penzionu je tak\u00e9 um\u00edst\u011bn pokoj pro t\u011blesn\u011b posti\u017een\u00e9 z\u00a0bez bari\u00e9rov\u00fdm p\u0159\u00edstupem jak do pokoje, tak do koupelny.<\/p>\n","protected":false},"excerpt":{"rendered":"<p>Ubytov\u00e1n\u00ed je rozd\u011bleno do dvou \u00farovn\u00ed ve dvou na sob\u011b nez\u00e1visl\u00fdch budov\u00e1ch spojen\u00fdch pochoz\u00ed l\u00e1vkou. Budova A Je koncipov\u00e1na v\u00a0modern\u00edm stylu a za\u0159\u00edzena modern\u00edm n\u00e1bytkem. Pokoje se nach\u00e1z\u00ed v\u00a0budov\u011b restaurace a spole\u010densk\u00e9ho s\u00e1lu v\u00a0druh\u00e9m podla\u017e\u00ed. Ubytov\u00e1n\u00ed se skl\u00e1d\u00e1 ze t\u0159\u00ed dvoupokojov\u00fdch apartm\u00e1n\u016f s\u00a0p\u0159ist\u00fdlkou a jednoho dvoul\u016f\u017ekov\u00e9ho pokoje s\u00a0p\u0159ist\u00fdlkou. V ka\u017ed\u00e9m apartm\u00e1nu najdete \u201eob\u00fdv\u00e1\u010dek\u201c, kde je&#8230; <\/p>\n<div class=\"clear\"><\/div>\n<p><a href=\"https:\/\/hotelstrelnice.cz\/en\/accommodations\/\" class=\"excerpt-read-more\">Continue Reading<i class=\"fa fa-long-arrow-right icon-long-arrow-right\"><\/i><\/a><\/p>\n","protected":false},"author":1,"featured_media":0,"parent":0,"menu_order":0,"comment_status":"closed","ping_status":"closed","template":"","meta":{"footnotes":""},"class_list":["post-4652","page","type-page","status-publish","hentry"],"_links":{"self":[{"href":"https:\/\/hotelstrelnice.cz\/en\/wp-json\/wp\/v2\/pages\/4652","targetHints":{"allow":["GET"]}}],"collection":[{"href":"https:\/\/hotelstrelnice.cz\/en\/wp-json\/wp\/v2\/pages"}],"about":[{"href":"https:\/\/hotelstrelnice.cz\/en\/wp-json\/wp\/v2\/types\/page"}],"author":[{"embeddable":true,"href":"https:\/\/hotelstrelnice.cz\/en\/wp-json\/wp\/v2\/users\/1"}],"replies":[{"embeddable":true,"href":"https:\/\/hotelstrelnice.cz\/en\/wp-json\/wp\/v2\/comments?post=4652"}],"version-history":[{"count":2,"href":"https:\/\/hotelstrelnice.cz\/en\/wp-json\/wp\/v2\/pages\/4652\/revisions"}],"predecessor-version":[{"id":4659,"href":"https:\/\/hotelstrelnice.cz\/en\/wp-json\/wp\/v2\/pages\/4652\/revisions\/4659"}],"wp:attachment":[{"href":"https:\/\/hotelstrelnice.cz\/en\/wp-json\/wp\/v2\/media?parent=4652"}],"curies":[{"name":"wp","href":"https:\/\/api.w.org\/{rel}","templated":true}]}}